{"id":28148,"date":"2024-10-04T13:44:49","date_gmt":"2024-10-04T13:44:49","guid":{"rendered":"https:\/\/kamagra-stores.net\/product\/comprimes-generiques-de-viagra-citrate-de-sildenafil\/"},"modified":"2024-10-04T13:44:49","modified_gmt":"2024-10-04T13:44:49","slug":"comprimes-generiques-de-viagra-citrate-de-sildenafil","status":"publish","type":"product","link":"https:\/\/kamagra-stores.net\/fr\/produit\/comprimes-generiques-de-viagra-citrate-de-sildenafil\/","title":{"rendered":"Comprim\u00e9s g\u00e9n\u00e9riques de Viagra (citrate de sild\u00e9nafil)"},"content":{"rendered":"<h2 data-start=\"905\" data-end=\"942\">\u00c0 quoi sert le Viagra g\u00e9n\u00e9rique ?<\/h2>\n<p data-start=\"943\" data-end=\"1123\">Le Viagra g\u00e9n\u00e9rique est prescrit pour traiter la dysfonction \u00e9rectile, une condition o\u00f9 l&#8217;homme a des difficult\u00e9s \u00e0 obtenir ou maintenir une \u00e9rection appropri\u00e9e pour l&#8217;activit\u00e9 sexuelle<br data-start=\"1106\" data-end=\"1109\">Il aide les hommes \u00e0<\/p>\n<ul>\n<li data-start=\"1126\" data-end=\"1164\">Surmonter l&#8217;anxi\u00e9t\u00e9 li\u00e9e aux performances<\/li>\n<li data-start=\"1167\" data-end=\"1212\">Obtenir des \u00e9rections plus durables et plus fermes<\/li>\n<li data-start=\"1215\" data-end=\"1267\">Am\u00e9liorer la confiance et la satisfaction sexuelle globale<\/li>\n<\/ul>\n<p data-start=\"1269\" data-end=\"1367\">Ce m\u00e9dicament ne gu\u00e9rit pas la DE et n&#8217;augmente pas la libido. Il ne fonctionne que lors d&#8217;une stimulation sexuelle. <\/p>\n<h2 data-start=\"1369\" data-end=\"1404\">Principaux avantages du Viagra g\u00e9n\u00e9rique<\/h2>\n<p data-start=\"1405\" data-end=\"1503\">Le Viagra g\u00e9n\u00e9rique offre les m\u00eames avantages que la version de marque \u00e0 une fraction du co\u00fbt<\/p>\n<ul>\n<li>Action rapide en 30 \u00e0 60 minutes<\/li>\n<li>Effets durant 4 \u00e0 6 heures<\/li>\n<li>Am\u00e9liore les performances sexuelles et l&#8217;endurance<\/li>\n<li>Disponible en plusieurs dosages : 25 mg, 50 mg et 100 mg<\/li>\n<li>Principe actif s\u00fbr, efficace et approuv\u00e9 par la FDA<\/li>\n<li>Prix abordable et facilement accessible en ligne<\/li>\n<\/ul>\n<p data-start=\"1786\" data-end=\"1899\">Son prix abordable en fait un choix populaire pour les hommes cherchant une solution \u00e0 long terme contre la DE sans charge financi\u00e8re.<\/p>\n<h2 data-start=\"1901\" data-end=\"1940\">Comment prendre les comprim\u00e9s de Viagra g\u00e9n\u00e9rique<\/h2>\n<p data-start=\"1941\" data-end=\"1992\">Pour de meilleurs r\u00e9sultats, prenez le Viagra g\u00e9n\u00e9rique selon les instructions<\/p>\n<ul>\n<li data-start=\"1995\" data-end=\"2058\">Prenez un comprim\u00e9 environ 30 \u00e0 60 minutes avant l&#8217;activit\u00e9 sexuelle<\/li>\n<li data-start=\"2061\" data-end=\"2108\">Avalez le comprim\u00e9 avec un grand verre d&#8217;eau<\/li>\n<li data-start=\"2111\" data-end=\"2172\">Peut \u00eatre pris avec ou sans nourriture, mais \u00e9vitez les repas riches en graisses<\/li>\n<li data-start=\"2175\" data-end=\"2239\">\u00c9vitez l&#8217;alcool ou les drogues r\u00e9cr\u00e9atives pendant l&#8217;utilisation du m\u00e9dicament<\/li>\n<li data-start=\"2242\" data-end=\"2288\">Ne prenez pas plus d&#8217;un comprim\u00e9 en 24 heures<\/li>\n<\/ul>\n<p data-start=\"2290\" data-end=\"2386\">Une excitation sexuelle est n\u00e9cessaire pour que le m\u00e9dicament agisse. Il ne provoque pas d&#8217;\u00e9rections spontan\u00e9es. <\/p>\n<h2 data-start=\"2388\" data-end=\"2425\">Guide de posologie du Viagra g\u00e9n\u00e9rique<\/h2>\n<p data-start=\"2426\" data-end=\"2482\">La posologie d\u00e9pend de vos ant\u00e9c\u00e9dents m\u00e9dicaux et de la s\u00e9v\u00e9rit\u00e9 de la DE<\/p>\n<ul>\n<li data-start=\"2485\" data-end=\"2529\">25 mg : id\u00e9al pour les d\u00e9butants ou les cas l\u00e9gers de DE<\/li>\n<li data-start=\"2532\" data-end=\"2577\">50 mg : dose initiale standard pour la plupart des utilisateurs<\/li>\n<li data-start=\"2580\" data-end=\"2646\">100 mg : utilis\u00e9 pour les cas plus s\u00e9v\u00e8res de DE ou si les doses plus faibles sont inefficaces<\/li>\n<\/ul>\n<p data-start=\"2648\" data-end=\"2783\">Commencez avec la dose recommand\u00e9e et ajustez uniquement sous surveillance m\u00e9dicale. \u00c9vitez l&#8217;autom\u00e9dication ou l&#8217;augmentation de la dose sans avis m\u00e9dical. <\/p>\n<h2 data-start=\"2785\" data-end=\"2814\">Comment fonctionne le Viagra g\u00e9n\u00e9rique<\/h2>\n<p data-start=\"2815\" data-end=\"3316\">Le citrate de sild\u00e9nafil est un <strong data-start=\"2839\" data-end=\"2857\">inhibiteur de la PDE5<\/strong> qui agit en augmentant le flux sanguin vers le p\u00e9nis. Lors d&#8217;une stimulation sexuelle, l&#8217;oxyde nitrique est lib\u00e9r\u00e9, favorisant la production de <strong data-start=\"2997\" data-end=\"3005\">GMPc<\/strong>, une substance chimique qui relaxe les vaisseaux sanguins. Les enzymes PDE5 d\u00e9composent le GMPc trop rapidement chez les hommes souffrant de DE. Le Viagra g\u00e9n\u00e9rique inhibe la PDE5, aidant \u00e0 maintenir les niveaux de GMPc plus longtemps et permettant un meilleur flux sanguin et des \u00e9rections plus fortes. Le m\u00e9dicament ne fonctionne que pendant la stimulation sexuelle et n&#8217;augmente pas le d\u00e9sir.    <\/p>\n<h2 data-start=\"3318\" data-end=\"3361\">Effets secondaires des comprim\u00e9s de Viagra g\u00e9n\u00e9rique<\/h2>\n<p data-start=\"3362\" data-end=\"3433\">La plupart des effets secondaires sont l\u00e9gers et temporaires. Les effets secondaires courants incluent <\/p>\n<ul>\n<li data-start=\"3436\" data-end=\"3446\">Maux de t\u00eate<\/li>\n<li data-start=\"3449\" data-end=\"3459\">Bouff\u00e9es de chaleur<\/li>\n<li data-start=\"3462\" data-end=\"3477\">Maux d&#8217;estomac<\/li>\n<li data-start=\"3480\" data-end=\"3498\">Congestion nasale<\/li>\n<li data-start=\"3501\" data-end=\"3512\">Vertiges<\/li>\n<li data-start=\"3515\" data-end=\"3531\">Vision trouble<\/li>\n<\/ul>\n<p data-start=\"3533\" data-end=\"3576\">Les effets secondaires rares mais graves peuvent inclure<\/p>\n<ul>\n<li data-start=\"3579\" data-end=\"3591\">Douleurs thoraciques<\/li>\n<li data-start=\"3594\" data-end=\"3621\">Perte de vision ou d&#8217;audition<\/li>\n<li data-start=\"3624\" data-end=\"3676\">\u00c9rection prolong\u00e9e durant plus de 4 heures (priapisme)<\/li>\n<li data-start=\"3679\" data-end=\"3700\">Essoufflement<\/li>\n<\/ul>\n<p data-start=\"3702\" data-end=\"3844\">Arr\u00eatez l&#8217;utilisation et consultez un m\u00e9decin si l&#8217;un de ces effets secondaires graves survient. Suivez toujours l&#8217;avis m\u00e9dical avant de commencer le traitement. <\/p>\n<h2 data-start=\"3846\" data-end=\"3868\">Interactions m\u00e9dicamenteuses<\/h2>\n<p data-start=\"3869\" data-end=\"3942\">Le Viagra g\u00e9n\u00e9rique peut interagir avec d&#8217;autres m\u00e9dicaments. \u00c9vitez de l&#8217;utiliser avec <\/p>\n<ul>\n<li data-start=\"3945\" data-end=\"3992\">Les m\u00e9dicaments \u00e0 base de nitrates utilis\u00e9s pour les douleurs thoraciques<\/li>\n<li data-start=\"3995\" data-end=\"4054\">Les alpha-bloquants pour l&#8217;hypertension ou les probl\u00e8mes de prostate<\/li>\n<li data-start=\"4057\" data-end=\"4111\">D&#8217;autres m\u00e9dicaments contre la DE comme le Tadalafil ou le Vard\u00e9nafil<\/li>\n<li data-start=\"4114\" data-end=\"4168\">Certains antifongiques, antibiotiques ou m\u00e9dicaments contre le VIH<\/li>\n<li data-start=\"4171\" data-end=\"4203\">L&#8217;alcool et les drogues r\u00e9cr\u00e9atives<\/li>\n<\/ul>\n<p data-start=\"4205\" data-end=\"4333\">Consultez votre m\u00e9decin concernant tous les m\u00e9dicaments, suppl\u00e9ments ou rem\u00e8des \u00e0 base de plantes que vous utilisez actuellement avant de commencer ces pilules.<\/p>\n<h2 data-start=\"4335\" data-end=\"4364\">Avertissements et pr\u00e9cautions<\/h2>\n<p data-start=\"4365\" data-end=\"4434\">Le Viagra g\u00e9n\u00e9rique ne convient pas \u00e0 tout le monde. Prenez ces pr\u00e9cautions <\/p>\n<ul>\n<li data-start=\"4437\" data-end=\"4498\">Non destin\u00e9 aux hommes souffrant de probl\u00e8mes cardiaques ou ayant r\u00e9cemment eu un AVC<\/li>\n<li data-start=\"4501\" data-end=\"4556\">\u00c0 \u00e9viter en cas d&#8217;hypotension ou de maladie h\u00e9patique<\/li>\n<li data-start=\"4559\" data-end=\"4612\">Non recommand\u00e9 pour les personnes atteintes de r\u00e9tinite pigmentaire<\/li>\n<li data-start=\"4615\" data-end=\"4660\">Utilisez avec prudence en cas de troubles r\u00e9naux ou de saignements<\/li>\n<li data-start=\"4663\" data-end=\"4703\">Non destin\u00e9 aux femmes ou aux personnes de moins de 18 ans<\/li>\n<\/ul>\n<p data-start=\"4705\" data-end=\"4811\">Parlez \u00e0 un professionnel de sant\u00e9 si vous avez des conditions m\u00e9dicales existantes ou prenez des m\u00e9dicaments \u00e0 long terme.<\/p>\n<h2 data-start=\"4813\" data-end=\"4838\">Instructions de conservation<\/h2>\n<p data-start=\"4839\" data-end=\"4887\">Conservez le Viagra g\u00e9n\u00e9rique correctement pour de meilleurs r\u00e9sultats<\/p>\n<ul>\n<li data-start=\"4890\" data-end=\"4938\">Conservez \u00e0 temp\u00e9rature ambiante entre 15\u00b0C et 30\u00b0C<\/li>\n<li data-start=\"4941\" data-end=\"4991\">Prot\u00e9gez de la lumi\u00e8re directe du soleil, de l&#8217;humidit\u00e9 et de la chaleur<\/li>\n<li data-start=\"4994\" data-end=\"5040\">Ne pas conserver dans la salle de bain ou au r\u00e9frig\u00e9rateur<\/li>\n<li data-start=\"5043\" data-end=\"5083\">Gardez hors de port\u00e9e des enfants et des animaux<\/li>\n<li data-start=\"5086\" data-end=\"5142\">Utilisez avant la date d&#8217;expiration et jetez les comprim\u00e9s endommag\u00e9s<\/li>\n<\/ul>\n<p data-start=\"5144\" data-end=\"5214\">Conservez dans l&#8217;emballage d&#8217;origine et ne m\u00e9langez pas avec d&#8217;autres m\u00e9dicaments.<\/p>\n<h2 data-start=\"5216\" data-end=\"5263\">O\u00f9 acheter des comprim\u00e9s de Viagra g\u00e9n\u00e9rique en ligne<\/h2>\n<p data-start=\"5264\" data-end=\"5400\">Achetez du Viagra g\u00e9n\u00e9rique en toute s\u00e9curit\u00e9 sur <a class=\"\" href=\"https:\/\/kamagra-stores.net\/generic-viagra\/\" target=\"_new\" rel=\"noopener\" data-start=\"5297\" data-end=\"5361\">kamagra-stores.net<\/a><br data-start=\"5361\" data-end=\"5364\">Avantages de commander sur notre site<\/p>\n<ul>\n<li data-start=\"5403\" data-end=\"5452\">Comprim\u00e9s de citrate de sild\u00e9nafil garantis authentiques<\/li>\n<li data-start=\"5455\" data-end=\"5494\">Prix comp\u00e9titifs avec \u00e9conomies sur les achats en gros<\/li>\n<li data-start=\"5497\" data-end=\"5542\">Paiement en ligne s\u00e9curis\u00e9 et livraison discr\u00e8te<\/li>\n<li data-start=\"5545\" data-end=\"5599\">Options de dosage multiples pour un traitement personnalis\u00e9<\/li>\n<li data-start=\"5602\" data-end=\"5634\">Fait confiance par les clients dans le monde entier<\/li>\n<\/ul>\n<p data-start=\"5636\" data-end=\"5697\">Nous priorisons votre confidentialit\u00e9 et satisfaction \u00e0 chaque commande.<\/p>\n<h2 data-start=\"5699\" data-end=\"5736\">Coupons et offres de Viagra g\u00e9n\u00e9rique<\/h2>\n<p data-start=\"5737\" data-end=\"5770\">\u00c9conomisez plus lorsque vous achetez chez nous<\/p>\n<ul>\n<li data-start=\"5773\" data-end=\"5811\">Utilisez des codes de r\u00e9duction valides lors du paiement<\/li>\n<li data-start=\"5814\" data-end=\"5857\">Profitez d&#8217;offres combin\u00e9es et d&#8217;\u00e9conomies sur les lots<\/li>\n<li data-start=\"5860\" data-end=\"5906\">Abonnez-vous \u00e0 notre liste de diffusion pour les futures offres<\/li>\n<li data-start=\"5909\" data-end=\"5960\">Surveillez les ventes flash et les promotions limit\u00e9es<\/li>\n<\/ul>\n<p data-start=\"5962\" data-end=\"6012\">Un traitement abordable contre la DE n&#8217;est qu&#8217;\u00e0 quelques clics.<\/p>\n","protected":false},"excerpt":{"rendered":"<p>Les comprim\u00e9s de Viagra g\u00e9n\u00e9rique sont un traitement largement utilis\u00e9 et efficace contre la dysfonction \u00e9rectile (DE) chez les hommes. Ils contiennent du <strong data-start=\"452\" data-end=\"474\">citrate de sild\u00e9nafil<\/strong>, le m\u00eame principe actif que le Viagra de marque. Le Viagra g\u00e9n\u00e9rique agit en am\u00e9liorant le flux sanguin vers le p\u00e9nis pendant la stimulation sexuelle, aidant les hommes \u00e0 obtenir et maintenir des \u00e9rections fermes. C&#8217;est une alternative \u00e9conomique \u00e0 la version de marque, offrant les m\u00eames r\u00e9sultats sans le prix \u00e9lev\u00e9. Fabriqu\u00e9 par des soci\u00e9t\u00e9s pharmaceutiques r\u00e9put\u00e9es, le Viagra g\u00e9n\u00e9rique est disponible en plusieurs dosages et fait confiance \u00e0 des millions de personnes dans le monde.    <\/p>\n","protected":false},"featured_media":27612,"comment_status":"open","ping_status":"closed","template":"","meta":[],"product_cat":[4497],"product_tag":[],"class_list":{"0":"post-28148","1":"product","2":"type-product","3":"status-publish","4":"has-post-thumbnail","6":"product_cat-de-impuissance","8":"first","9":"instock","10":"shipping-taxable","11":"product-type-grouped"},"yoast_head":"<!-- This site is optimized with the Yoast SEO plugin v23.8 - https:\/\/yoast.com\/wordpress\/plugins\/seo\/ -->\n<title>Achetez des comprim\u00e9s g\u00e9n\u00e9riques de Viagra en ligne | citrate de sild\u00e9nafil | Prix 0,60 $<\/title>\n<meta name=\"description\" content=\"Comprim\u00e9s de Viagra g\u00e9n\u00e9rique pour une solution fiable contre la DE. D\u00e9couvrez l&#039;efficacit\u00e9 des pilules de Viagra g\u00e9n\u00e9rique pour des performances am\u00e9lior\u00e9es. Achetez en ligne ! Commandez maintenant !\" \/>\n<meta name=\"robots\" content=\"index, follow, max-snippet:-1, max-image-preview:large, max-video-preview:-1\" \/>\n<link rel=\"canonical\" href=\"https:\/\/kamagra-stores.net\/fr\/produit\/comprimes-generiques-de-viagra-citrate-de-sildenafil\/\" \/>\n<meta property=\"og:locale\" content=\"fr_FR\" \/>\n<meta property=\"og:type\" content=\"article\" \/>\n<meta property=\"og:title\" content=\"Achetez des comprim\u00e9s g\u00e9n\u00e9riques de Viagra en ligne | citrate de sild\u00e9nafil | Prix 0,60 $\" \/>\n<meta property=\"og:description\" content=\"Comprim\u00e9s de Viagra g\u00e9n\u00e9rique pour une solution fiable contre la DE. D\u00e9couvrez l&#039;efficacit\u00e9 des pilules de Viagra g\u00e9n\u00e9rique pour des performances am\u00e9lior\u00e9es. Achetez en ligne ! Commandez maintenant !\" \/>\n<meta property=\"og:url\" content=\"https:\/\/kamagra-stores.net\/fr\/produit\/comprimes-generiques-de-viagra-citrate-de-sildenafil\/\" \/>\n<meta property=\"og:site_name\" content=\"kamagra-stores.net\" \/>\n<meta property=\"og:image\" content=\"https:\/\/kamagra-stores.net\/wp-content\/uploads\/2024\/09\/Fildena-25mg.webp\" \/>\n\t<meta property=\"og:image:width\" content=\"500\" \/>\n\t<meta property=\"og:image:height\" content=\"500\" \/>\n\t<meta property=\"og:image:type\" content=\"image\/webp\" \/>\n<meta name=\"twitter:card\" content=\"summary_large_image\" \/>\n<meta name=\"twitter:label1\" content=\"Dur\u00e9e de lecture estim\u00e9e\" \/>\n\t<meta name=\"twitter:data1\" content=\"5 minutes\" \/>\n<script type=\"application\/ld+json\" class=\"yoast-schema-graph\">{\"@context\":\"https:\/\/schema.org\",\"@graph\":[{\"@type\":\"WebPage\",\"@id\":\"https:\/\/kamagra-stores.net\/fr\/produit\/comprimes-generiques-de-viagra-citrate-de-sildenafil\/\",\"url\":\"https:\/\/kamagra-stores.net\/fr\/produit\/comprimes-generiques-de-viagra-citrate-de-sildenafil\/\",\"name\":\"Achetez des comprim\u00e9s g\u00e9n\u00e9riques de Viagra en ligne | citrate de sild\u00e9nafil | Prix 0,60 $\",\"isPartOf\":{\"@id\":\"https:\/\/kamagra-stores.net\/#website\"},\"primaryImageOfPage\":{\"@id\":\"https:\/\/kamagra-stores.net\/fr\/produit\/comprimes-generiques-de-viagra-citrate-de-sildenafil\/#primaryimage\"},\"image\":{\"@id\":\"https:\/\/kamagra-stores.net\/fr\/produit\/comprimes-generiques-de-viagra-citrate-de-sildenafil\/#primaryimage\"},\"thumbnailUrl\":\"https:\/\/kamagra-stores.net\/wp-content\/uploads\/2024\/09\/Fildena-25mg.webp\",\"datePublished\":\"2024-10-04T13:44:49+00:00\",\"dateModified\":\"2024-10-04T13:44:49+00:00\",\"description\":\"Comprim\u00e9s de Viagra g\u00e9n\u00e9rique pour une solution fiable contre la DE. D\u00e9couvrez l'efficacit\u00e9 des pilules de Viagra g\u00e9n\u00e9rique pour des performances am\u00e9lior\u00e9es. Achetez en ligne ! Commandez maintenant !\",\"breadcrumb\":{\"@id\":\"https:\/\/kamagra-stores.net\/fr\/produit\/comprimes-generiques-de-viagra-citrate-de-sildenafil\/#breadcrumb\"},\"inLanguage\":\"fr-FR\",\"potentialAction\":[{\"@type\":\"ReadAction\",\"target\":[\"https:\/\/kamagra-stores.net\/fr\/produit\/comprimes-generiques-de-viagra-citrate-de-sildenafil\/\"]}]},{\"@type\":\"ImageObject\",\"inLanguage\":\"fr-FR\",\"@id\":\"https:\/\/kamagra-stores.net\/fr\/produit\/comprimes-generiques-de-viagra-citrate-de-sildenafil\/#primaryimage\",\"url\":\"https:\/\/kamagra-stores.net\/wp-content\/uploads\/2024\/09\/Fildena-25mg.webp\",\"contentUrl\":\"https:\/\/kamagra-stores.net\/wp-content\/uploads\/2024\/09\/Fildena-25mg.webp\",\"width\":500,\"height\":500,\"caption\":\"Comprim\u00e9 Fildena 25 mg\"},{\"@type\":\"BreadcrumbList\",\"@id\":\"https:\/\/kamagra-stores.net\/fr\/produit\/comprimes-generiques-de-viagra-citrate-de-sildenafil\/#breadcrumb\",\"itemListElement\":[{\"@type\":\"ListItem\",\"position\":1,\"name\":\"Home\",\"item\":\"https:\/\/kamagra-stores.net\/fr\/\"},{\"@type\":\"ListItem\",\"position\":2,\"name\":\"Boutique\",\"item\":\"https:\/\/kamagra-stores.net\/fr\/boutique\/\"},{\"@type\":\"ListItem\",\"position\":3,\"name\":\"Comprim\u00e9s g\u00e9n\u00e9riques de Viagra (citrate de sild\u00e9nafil)\"}]},{\"@type\":\"WebSite\",\"@id\":\"https:\/\/kamagra-stores.net\/#website\",\"url\":\"https:\/\/kamagra-stores.net\/\",\"name\":\"kamagra-stores.net\",\"description\":\"\",\"potentialAction\":[{\"@type\":\"SearchAction\",\"target\":{\"@type\":\"EntryPoint\",\"urlTemplate\":\"https:\/\/kamagra-stores.net\/?s={search_term_string}\"},\"query-input\":{\"@type\":\"PropertyValueSpecification\",\"valueRequired\":true,\"valueName\":\"search_term_string\"}}],\"inLanguage\":\"fr-FR\"}]}<\/script>\n<!-- \/ Yoast SEO plugin. -->","yoast_head_json":{"title":"Achetez des comprim\u00e9s g\u00e9n\u00e9riques de Viagra en ligne | citrate de sild\u00e9nafil | Prix 0,60 $","description":"Comprim\u00e9s de Viagra g\u00e9n\u00e9rique pour une solution fiable contre la DE. D\u00e9couvrez l'efficacit\u00e9 des pilules de Viagra g\u00e9n\u00e9rique pour des performances am\u00e9lior\u00e9es. Achetez en ligne ! Commandez maintenant !","robots":{"index":"index","follow":"follow","max-snippet":"max-snippet:-1","max-image-preview":"max-image-preview:large","max-video-preview":"max-video-preview:-1"},"canonical":"https:\/\/kamagra-stores.net\/fr\/produit\/comprimes-generiques-de-viagra-citrate-de-sildenafil\/","og_locale":"fr_FR","og_type":"article","og_title":"Achetez des comprim\u00e9s g\u00e9n\u00e9riques de Viagra en ligne | citrate de sild\u00e9nafil | Prix 0,60 $","og_description":"Comprim\u00e9s de Viagra g\u00e9n\u00e9rique pour une solution fiable contre la DE. D\u00e9couvrez l'efficacit\u00e9 des pilules de Viagra g\u00e9n\u00e9rique pour des performances am\u00e9lior\u00e9es. Achetez en ligne ! Commandez maintenant !","og_url":"https:\/\/kamagra-stores.net\/fr\/produit\/comprimes-generiques-de-viagra-citrate-de-sildenafil\/","og_site_name":"kamagra-stores.net","og_image":[{"width":500,"height":500,"url":"https:\/\/kamagra-stores.net\/wp-content\/uploads\/2024\/09\/Fildena-25mg.webp","type":"image\/webp"}],"twitter_card":"summary_large_image","twitter_misc":{"Dur\u00e9e de lecture estim\u00e9e":"5 minutes"},"schema":{"@context":"https:\/\/schema.org","@graph":[{"@type":"WebPage","@id":"https:\/\/kamagra-stores.net\/fr\/produit\/comprimes-generiques-de-viagra-citrate-de-sildenafil\/","url":"https:\/\/kamagra-stores.net\/fr\/produit\/comprimes-generiques-de-viagra-citrate-de-sildenafil\/","name":"Achetez des comprim\u00e9s g\u00e9n\u00e9riques de Viagra en ligne | citrate de sild\u00e9nafil | Prix 0,60 $","isPartOf":{"@id":"https:\/\/kamagra-stores.net\/#website"},"primaryImageOfPage":{"@id":"https:\/\/kamagra-stores.net\/fr\/produit\/comprimes-generiques-de-viagra-citrate-de-sildenafil\/#primaryimage"},"image":{"@id":"https:\/\/kamagra-stores.net\/fr\/produit\/comprimes-generiques-de-viagra-citrate-de-sildenafil\/#primaryimage"},"thumbnailUrl":"https:\/\/kamagra-stores.net\/wp-content\/uploads\/2024\/09\/Fildena-25mg.webp","datePublished":"2024-10-04T13:44:49+00:00","dateModified":"2024-10-04T13:44:49+00:00","description":"Comprim\u00e9s de Viagra g\u00e9n\u00e9rique pour une solution fiable contre la DE. D\u00e9couvrez l'efficacit\u00e9 des pilules de Viagra g\u00e9n\u00e9rique pour des performances am\u00e9lior\u00e9es. Achetez en ligne ! Commandez maintenant !","breadcrumb":{"@id":"https:\/\/kamagra-stores.net\/fr\/produit\/comprimes-generiques-de-viagra-citrate-de-sildenafil\/#breadcrumb"},"inLanguage":"fr-FR","potentialAction":[{"@type":"ReadAction","target":["https:\/\/kamagra-stores.net\/fr\/produit\/comprimes-generiques-de-viagra-citrate-de-sildenafil\/"]}]},{"@type":"ImageObject","inLanguage":"fr-FR","@id":"https:\/\/kamagra-stores.net\/fr\/produit\/comprimes-generiques-de-viagra-citrate-de-sildenafil\/#primaryimage","url":"https:\/\/kamagra-stores.net\/wp-content\/uploads\/2024\/09\/Fildena-25mg.webp","contentUrl":"https:\/\/kamagra-stores.net\/wp-content\/uploads\/2024\/09\/Fildena-25mg.webp","width":500,"height":500,"caption":"Comprim\u00e9 Fildena 25 mg"},{"@type":"BreadcrumbList","@id":"https:\/\/kamagra-stores.net\/fr\/produit\/comprimes-generiques-de-viagra-citrate-de-sildenafil\/#breadcrumb","itemListElement":[{"@type":"ListItem","position":1,"name":"Home","item":"https:\/\/kamagra-stores.net\/fr\/"},{"@type":"ListItem","position":2,"name":"Boutique","item":"https:\/\/kamagra-stores.net\/fr\/boutique\/"},{"@type":"ListItem","position":3,"name":"Comprim\u00e9s g\u00e9n\u00e9riques de Viagra (citrate de sild\u00e9nafil)"}]},{"@type":"WebSite","@id":"https:\/\/kamagra-stores.net\/#website","url":"https:\/\/kamagra-stores.net\/","name":"kamagra-stores.net","description":"","potentialAction":[{"@type":"SearchAction","target":{"@type":"EntryPoint","urlTemplate":"https:\/\/kamagra-stores.net\/?s={search_term_string}"},"query-input":{"@type":"PropertyValueSpecification","valueRequired":true,"valueName":"search_term_string"}}],"inLanguage":"fr-FR"}]}},"_links":{"self":[{"href":"https:\/\/kamagra-stores.net\/fr\/wp-json\/wp\/v2\/product\/28148","targetHints":{"allow":["GET"]}}],"collection":[{"href":"https:\/\/kamagra-stores.net\/fr\/wp-json\/wp\/v2\/product"}],"about":[{"href":"https:\/\/kamagra-stores.net\/fr\/wp-json\/wp\/v2\/types\/product"}],"replies":[{"embeddable":true,"href":"https:\/\/kamagra-stores.net\/fr\/wp-json\/wp\/v2\/comments?post=28148"}],"version-history":[{"count":0,"href":"https:\/\/kamagra-stores.net\/fr\/wp-json\/wp\/v2\/product\/28148\/revisions"}],"wp:featuredmedia":[{"embeddable":true,"href":"https:\/\/kamagra-stores.net\/fr\/wp-json\/wp\/v2\/media\/27612"}],"wp:attachment":[{"href":"https:\/\/kamagra-stores.net\/fr\/wp-json\/wp\/v2\/media?parent=28148"}],"wp:term":[{"taxonomy":"product_cat","embeddable":true,"href":"https:\/\/kamagra-stores.net\/fr\/wp-json\/wp\/v2\/product_cat?post=28148"},{"taxonomy":"product_tag","embeddable":true,"href":"https:\/\/kamagra-stores.net\/fr\/wp-json\/wp\/v2\/product_tag?post=28148"}],"curies":[{"name":"wp","href":"https:\/\/api.w.org\/{rel}","templated":true}]}}