{"id":28149,"date":"2024-10-04T11:54:51","date_gmt":"2024-10-04T11:54:51","guid":{"rendered":"https:\/\/kamagra-stores.net\/product\/comprimes-generiques-de-cialis-tadalafil\/"},"modified":"2024-10-04T11:54:51","modified_gmt":"2024-10-04T11:54:51","slug":"comprimes-generiques-de-cialis-tadalafil","status":"publish","type":"product","link":"https:\/\/kamagra-stores.net\/fr\/produit\/comprimes-generiques-de-cialis-tadalafil\/","title":{"rendered":"Comprim\u00e9s g\u00e9n\u00e9riques de cialis (tadalafil)"},"content":{"rendered":"<h2 data-start=\"885\" data-end=\"922\">\u00c0 quoi sert le cialis g\u00e9n\u00e9rique ?<\/h2>\n<p data-start=\"923\" data-end=\"1031\">Le Cialis g\u00e9n\u00e9rique est principalement utilis\u00e9 pour traiter la dysfonction \u00e9rectile et les conditions associ\u00e9es<br data-start=\"1014\" data-end=\"1017\">Il aide les hommes \u00e0<\/p>\n<ul>\n<li data-start=\"1034\" data-end=\"1094\">Obtenir et maintenir des \u00e9rections fermes pendant l&#8217;activit\u00e9 sexuelle<\/li>\n<li data-start=\"1097\" data-end=\"1137\">Am\u00e9liorer les sympt\u00f4mes urinaires caus\u00e9s par l&#8217;HBP<\/li>\n<li data-start=\"1140\" data-end=\"1191\">Reprendre le contr\u00f4le de la performance sexuelle et du timing<\/li>\n<\/ul>\n<p data-start=\"1193\" data-end=\"1283\">Le tadalafil ne fonctionne que lorsqu&#8217;il y a une stimulation sexuelle et n&#8217;augmente pas le d\u00e9sir sexuel.<\/p>\n<h2 data-start=\"1285\" data-end=\"1320\">Principaux avantages du cialis g\u00e9n\u00e9rique<\/h2>\n<p data-start=\"1321\" data-end=\"1396\">Le Cialis g\u00e9n\u00e9rique offre plusieurs avantages uniques par rapport aux autres m\u00e9dicaments contre la DE<\/p>\n<ul>\n<li data-start=\"1399\" data-end=\"1440\">Effets de longue dur\u00e9e jusqu&#8217;\u00e0 36 heures<\/li>\n<li data-start=\"1443\" data-end=\"1480\">Action rapide en 30 \u00e0 45 minutes<\/li>\n<li data-start=\"1483\" data-end=\"1513\">Fonctionne bien m\u00eame apr\u00e8s un repas<\/li>\n<li data-start=\"1516\" data-end=\"1549\">Peut \u00eatre utilis\u00e9 pour la DE et l&#8217;HBP<\/li>\n<li data-start=\"1552\" data-end=\"1594\">Co\u00fbt inf\u00e9rieur par rapport au Cialis de marque<\/li>\n<li data-start=\"1597\" data-end=\"1650\">Moins de restrictions de dosage gr\u00e2ce \u00e0 sa longue demi-vie<\/li>\n<\/ul>\n<p data-start=\"1652\" data-end=\"1734\">Cette dur\u00e9e prolong\u00e9e permet aux couples de profiter d&#8217;une intimit\u00e9 plus naturelle et spontan\u00e9e.<\/p>\n<h2 data-start=\"1736\" data-end=\"1775\">Comment prendre les comprim\u00e9s de cialis g\u00e9n\u00e9rique ?<\/h2>\n<p data-start=\"1776\" data-end=\"1845\">Prenez le Cialis g\u00e9n\u00e9rique exactement comme prescrit par votre professionnel de sant\u00e9<\/p>\n<ul>\n<li data-start=\"1848\" data-end=\"1919\">Prenez un comprim\u00e9 avec un grand verre d&#8217;eau, selon les besoins ou quotidiennement<\/li>\n<li data-start=\"1922\" data-end=\"1957\">Peut \u00eatre pris avec ou sans nourriture<\/li>\n<li data-start=\"1960\" data-end=\"2003\">\u00c9vitez les repas riches en graisses ou l&#8217;alcool excessif<\/li>\n<li data-start=\"2006\" data-end=\"2064\">Pour un usage quotidien : Prenez un comprim\u00e9 \u00e0 la m\u00eame heure chaque jour<\/li>\n<li data-start=\"2067\" data-end=\"2135\">Pour une utilisation ponctuelle : Prenez au moins 30 minutes avant l&#8217;activit\u00e9 sexuelle<\/li>\n<\/ul>\n<p data-start=\"2137\" data-end=\"2220\">Ne prenez pas plus d&#8217;une dose en 24 heures sauf si prescrit pour un usage quotidien.<\/p>\n<h2 data-start=\"2222\" data-end=\"2259\">Directives de dosage du cialis g\u00e9n\u00e9rique<\/h2>\n<p data-start=\"2260\" data-end=\"2342\">Le Cialis g\u00e9n\u00e9rique est disponible en diff\u00e9rents dosages pour r\u00e9pondre aux besoins individuels<\/p>\n<ul>\n<li data-start=\"2345\" data-end=\"2387\">2,5 mg ou 5 mg : pour usage quotidien dans la DE ou l&#8217;HBP<\/li>\n<li data-start=\"2390\" data-end=\"2430\">10 mg : dose standard pour usage occasionnel<\/li>\n<li data-start=\"2433\" data-end=\"2473\">20 mg : dose maximale pour les cas graves de DE<\/li>\n<\/ul>\n<p data-start=\"2475\" data-end=\"2631\">Votre m\u00e9decin peut ajuster le dosage en fonction de votre \u00e2ge, de votre sant\u00e9 et de votre r\u00e9ponse au traitement. Ne modifiez jamais votre dose sans consulter votre professionnel de sant\u00e9. <\/p>\n<h2 data-start=\"2633\" data-end=\"2662\">Comment fonctionne le cialis g\u00e9n\u00e9rique ?<\/h2>\n<p data-start=\"2663\" data-end=\"3178\">Le tadalafil dans le Cialis g\u00e9n\u00e9rique est un <strong data-start=\"2696\" data-end=\"2714\">inhibiteur de la PDE5<\/strong>. Il fonctionne en am\u00e9liorant le processus naturel d&#8217;\u00e9rection. Pendant l&#8217;excitation sexuelle, l&#8217;oxyde nitrique est lib\u00e9r\u00e9 dans le p\u00e9nis, stimulant la production de <strong data-start=\"2860\" data-end=\"2868\">GMPc<\/strong>, qui relaxe les muscles lisses et augmente le flux sanguin. Les enzymes PDE5 d\u00e9composent normalement le GMPc. En bloquant la PDE5, le tadalafil aide \u00e0 maintenir les niveaux de GMPc, conduisant \u00e0 un meilleur flux sanguin et des \u00e9rections soutenues. Contrairement \u00e0 certains m\u00e9dicaments contre la DE, le Cialis a une longue demi-vie, offrant une efficacit\u00e9 prolong\u00e9e avec une seule dose.     <\/p>\n<h2 data-start=\"3180\" data-end=\"3223\">Effets secondaires des comprim\u00e9s de cialis g\u00e9n\u00e9rique<\/h2>\n<p data-start=\"3224\" data-end=\"3329\">Le Cialis g\u00e9n\u00e9rique est bien tol\u00e9r\u00e9 par la plupart des utilisateurs, mais des effets secondaires peuvent survenir. Les effets secondaires courants incluent <\/p>\n<ul>\n<li data-start=\"3332\" data-end=\"3342\">Maux de t\u00eate<\/li>\n<li data-start=\"3345\" data-end=\"3356\">Douleurs dorsales<\/li>\n<li data-start=\"3359\" data-end=\"3373\">Douleurs musculaires<\/li>\n<li data-start=\"3376\" data-end=\"3389\">Indigestion<\/li>\n<li data-start=\"3392\" data-end=\"3402\">Bouff\u00e9es de chaleur<\/li>\n<li data-start=\"3405\" data-end=\"3423\">Congestion nasale<\/li>\n<\/ul>\n<p data-start=\"3425\" data-end=\"3471\">Les effets secondaires graves mais moins courants incluent<\/p>\n<ul>\n<li data-start=\"3474\" data-end=\"3486\">Douleurs thoraciques<\/li>\n<li data-start=\"3489\" data-end=\"3513\">Perte de vision ou d&#8217;audition<\/li>\n<li data-start=\"3516\" data-end=\"3547\">\u00c9rection prolong\u00e9e (priapisme)<\/li>\n<li data-start=\"3550\" data-end=\"3573\">Vertiges ou \u00e9vanouissements<\/li>\n<\/ul>\n<p data-start=\"3575\" data-end=\"3728\">Consultez imm\u00e9diatement un m\u00e9decin si vous ressentez des effets secondaires graves ou des r\u00e9actions allergiques. Arr\u00eatez l&#8217;utilisation et consultez votre m\u00e9decin si les sympt\u00f4mes persistent. <\/p>\n<h2 data-start=\"3730\" data-end=\"3752\">Interactions m\u00e9dicamenteuses<\/h2>\n<p data-start=\"3753\" data-end=\"3839\">Le tadalafil peut interagir avec plusieurs m\u00e9dicaments et substances. \u00c9vitez de le prendre avec <\/p>\n<ul>\n<li data-start=\"3842\" data-end=\"3874\">Les nitrates (utilis\u00e9s pour les douleurs thoraciques)<\/li>\n<li data-start=\"3877\" data-end=\"3947\">Les alpha-bloquants (utilis\u00e9s pour l&#8217;hypertension ou les probl\u00e8mes de prostate)<\/li>\n<li data-start=\"3950\" data-end=\"4002\">D&#8217;autres m\u00e9dicaments contre la DE comme le Sild\u00e9nafil ou le Vard\u00e9nafil<\/li>\n<li data-start=\"4005\" data-end=\"4044\">Certains m\u00e9dicaments antifongiques ou contre le VIH<\/li>\n<li data-start=\"4047\" data-end=\"4078\">L&#8217;alcool ou les drogues r\u00e9cr\u00e9atives<\/li>\n<\/ul>\n<p data-start=\"4080\" data-end=\"4198\">Informez toujours votre m\u00e9decin de tous les m\u00e9dicaments sur ordonnance, en vente libre et \u00e0 base de plantes que vous prenez avant de l&#8217;utiliser.<\/p>\n<h2 data-start=\"4200\" data-end=\"4229\">Avertissements et pr\u00e9cautions<\/h2>\n<p data-start=\"4230\" data-end=\"4303\">Avant de prendre ces comprim\u00e9s, consid\u00e9rez les pr\u00e9cautions de s\u00e9curit\u00e9 suivantes<\/p>\n<ul>\n<li data-start=\"4306\" data-end=\"4368\">Non recommand\u00e9 pour les hommes ayant des probl\u00e8mes cardiaques ou h\u00e9patiques graves<\/li>\n<li data-start=\"4371\" data-end=\"4424\">\u00c0 \u00e9viter en cas d&#8217;AVC ou d&#8217;infarctus r\u00e9cent<\/li>\n<li data-start=\"4427\" data-end=\"4491\">Utilisez avec prudence si vous avez une maladie r\u00e9nale ou des troubles des cellules sanguines<\/li>\n<li data-start=\"4494\" data-end=\"4540\">Non destin\u00e9 aux femmes ou aux personnes de moins de 18 ans<\/li>\n<li data-start=\"4543\" data-end=\"4601\">D\u00e9conseill\u00e9 pour les personnes ayant des malformations anatomiques du p\u00e9nis<\/li>\n<\/ul>\n<p data-start=\"4603\" data-end=\"4753\">Consultez votre professionnel de sant\u00e9 avant de commencer le m\u00e9dicament, particuli\u00e8rement si vous avez des conditions m\u00e9dicales pr\u00e9existantes ou suivez un traitement \u00e0 long terme.<\/p>\n<h2 data-start=\"4755\" data-end=\"4780\">Instructions de conservation<\/h2>\n<p data-start=\"4781\" data-end=\"4841\">Conservez-le correctement pour garantir sa s\u00e9curit\u00e9 et son efficacit\u00e9<\/p>\n<ul>\n<li data-start=\"4844\" data-end=\"4892\">Conservez \u00e0 temp\u00e9rature ambiante entre 15\u00b0C et 30\u00b0C<\/li>\n<li data-start=\"4895\" data-end=\"4941\">Conservez \u00e0 l&#8217;abri de la chaleur, de la lumi\u00e8re et de l&#8217;humidit\u00e9<\/li>\n<li data-start=\"4944\" data-end=\"4974\">Ne pas conserver dans la salle de bain<\/li>\n<li data-start=\"4977\" data-end=\"5017\">Gardez hors de port\u00e9e des enfants et des animaux<\/li>\n<li data-start=\"5020\" data-end=\"5075\">Utilisez avant la date d&#8217;expiration imprim\u00e9e sur l&#8217;emballage<\/li>\n<\/ul>\n<p data-start=\"5077\" data-end=\"5153\">Ne consommez pas les comprim\u00e9s cass\u00e9s, d\u00e9color\u00e9s ou ayant une odeur inhabituelle.<\/p>\n<h2 data-start=\"5155\" data-end=\"5202\">O\u00f9 acheter des comprim\u00e9s de cialis g\u00e9n\u00e9rique en ligne ?<\/h2>\n<p data-start=\"5203\" data-end=\"5354\">Commandez le Cialis g\u00e9n\u00e9rique en ligne sur <a class=\"\" href=\"https:\/\/kamagra-stores.net\/generic-cialis\/\" target=\"_new\" rel=\"noopener\" data-start=\"5236\" data-end=\"5300\">kamagra-stores.net<\/a> et profitez d&#8217;une livraison rapide et discr\u00e8te<br data-start=\"5334\" data-end=\"5337\">Pourquoi acheter chez nous<\/p>\n<ul>\n<li data-start=\"5357\" data-end=\"5411\">Comprim\u00e9s de tadalafil authentiques de fabricants de confiance<\/li>\n<li data-start=\"5414\" data-end=\"5457\">Prix comp\u00e9titifs et \u00e9conomies sur les commandes en gros<\/li>\n<li data-start=\"5460\" data-end=\"5504\">Processus de paiement s\u00e9curis\u00e9 et emballage s\u00fbr<\/li>\n<li data-start=\"5507\" data-end=\"5541\">Exp\u00e9dition mondiale avec suivi<\/li>\n<li data-start=\"5544\" data-end=\"5592\">Service client sympathique pour toutes vos questions<\/li>\n<\/ul>\n<p data-start=\"5594\" data-end=\"5650\">Achetez en toute confiance avec une qualit\u00e9 et une fiabilit\u00e9 garanties.<\/p>\n<h2 data-start=\"5652\" data-end=\"5689\">Coupons et offres pour le cialis g\u00e9n\u00e9rique<\/h2>\n<p data-start=\"5690\" data-end=\"5747\">Obtenez le meilleur prix sur le Cialis g\u00e9n\u00e9rique avec ces \u00e9conomies<\/p>\n<ul>\n<li data-start=\"5750\" data-end=\"5800\">Utilisez les codes de r\u00e9duction lors du paiement pour des offres instantan\u00e9es<\/li>\n<li data-start=\"5803\" data-end=\"5849\">Abonnez-vous \u00e0 notre liste de diffusion pour les alertes promotionnelles<\/li>\n<li data-start=\"5852\" data-end=\"5890\">\u00c9conomisez plus avec les packs de plus grande quantit\u00e9<\/li>\n<li data-start=\"5893\" data-end=\"5945\">Surveillez les ventes flash et les offres group\u00e9es \u00e0 dur\u00e9e limit\u00e9e<\/li>\n<\/ul>\n<p data-start=\"5947\" data-end=\"6001\">Un traitement abordable pour la DE n&#8217;est qu&#8217;\u00e0 quelques clics.<\/p>\n","protected":false},"excerpt":{"rendered":"<p>Les comprim\u00e9s de Cialis g\u00e9n\u00e9rique sont un traitement largement utilis\u00e9 pour la dysfonction \u00e9rectile (DE) et l&#8217;hyperplasie b\u00e9nigne de la prostate (HBP). Ces comprim\u00e9s contiennent du <strong data-start=\"480\" data-end=\"493\">Tadalafil<\/strong>, le m\u00eame ingr\u00e9dient actif que celui du Cialis de marque. Connu pour sa longue dur\u00e9e d&#8217;action\u2014jusqu&#8217;\u00e0 36 heures\u2014le Cialis g\u00e9n\u00e9rique offre aux hommes flexibilit\u00e9 et confiance dans leur sant\u00e9 sexuelle. Il est disponible en diff\u00e9rents dosages et constitue une alternative \u00e9conomique \u00e0 la version de marque. Le Cialis g\u00e9n\u00e9rique est fabriqu\u00e9 par des entreprises pharmaceutiques r\u00e9put\u00e9es et est utilis\u00e9 en toute confiance par des millions de personnes dans le monde.    <\/p>\n","protected":false},"featured_media":27423,"comment_status":"open","ping_status":"closed","template":"","meta":[],"product_cat":[4497],"product_tag":[],"class_list":{"0":"post-28149","1":"product","2":"type-product","3":"status-publish","4":"has-post-thumbnail","6":"product_cat-de-impuissance","8":"first","9":"instock","10":"shipping-taxable","11":"product-type-grouped"},"yoast_head":"<!-- This site is optimized with the Yoast SEO plugin v23.8 - https:\/\/yoast.com\/wordpress\/plugins\/seo\/ -->\n<title>Acheter des comprim\u00e9s g\u00e9n\u00e9riques de cialis en ligne | tadalafil<\/title>\n<meta name=\"description\" content=\"Le Cialis g\u00e9n\u00e9rique contenant du Tadalafil offre la meilleure solution pour la DE, favorisant une meilleure endurance, am\u00e9liorant l&#039;intimit\u00e9 et augmentant la confiance. Achetez maintenant !\" \/>\n<meta name=\"robots\" content=\"index, follow, max-snippet:-1, max-image-preview:large, max-video-preview:-1\" \/>\n<link rel=\"canonical\" href=\"https:\/\/kamagra-stores.net\/fr\/produit\/comprimes-generiques-de-cialis-tadalafil\/\" \/>\n<meta property=\"og:locale\" content=\"fr_FR\" \/>\n<meta property=\"og:type\" content=\"article\" \/>\n<meta property=\"og:title\" content=\"Acheter des comprim\u00e9s g\u00e9n\u00e9riques de cialis en ligne | tadalafil\" \/>\n<meta property=\"og:description\" content=\"Le Cialis g\u00e9n\u00e9rique contenant du Tadalafil offre la meilleure solution pour la DE, favorisant une meilleure endurance, am\u00e9liorant l&#039;intimit\u00e9 et augmentant la confiance. Achetez maintenant !\" \/>\n<meta property=\"og:url\" content=\"https:\/\/kamagra-stores.net\/fr\/produit\/comprimes-generiques-de-cialis-tadalafil\/\" \/>\n<meta property=\"og:site_name\" content=\"kamagra-stores.net\" \/>\n<meta property=\"og:image\" content=\"https:\/\/kamagra-stores.net\/wp-content\/uploads\/2024\/09\/Tadalista-5mg-1.png\" \/>\n\t<meta property=\"og:image:width\" content=\"500\" \/>\n\t<meta property=\"og:image:height\" content=\"500\" \/>\n\t<meta property=\"og:image:type\" content=\"image\/png\" \/>\n<meta name=\"twitter:card\" content=\"summary_large_image\" \/>\n<meta name=\"twitter:label1\" content=\"Dur\u00e9e de lecture estim\u00e9e\" \/>\n\t<meta name=\"twitter:data1\" content=\"5 minutes\" \/>\n<script type=\"application\/ld+json\" class=\"yoast-schema-graph\">{\"@context\":\"https:\/\/schema.org\",\"@graph\":[{\"@type\":\"WebPage\",\"@id\":\"https:\/\/kamagra-stores.net\/fr\/produit\/comprimes-generiques-de-cialis-tadalafil\/\",\"url\":\"https:\/\/kamagra-stores.net\/fr\/produit\/comprimes-generiques-de-cialis-tadalafil\/\",\"name\":\"Acheter des comprim\u00e9s g\u00e9n\u00e9riques de cialis en ligne | tadalafil\",\"isPartOf\":{\"@id\":\"https:\/\/kamagra-stores.net\/#website\"},\"primaryImageOfPage\":{\"@id\":\"https:\/\/kamagra-stores.net\/fr\/produit\/comprimes-generiques-de-cialis-tadalafil\/#primaryimage\"},\"image\":{\"@id\":\"https:\/\/kamagra-stores.net\/fr\/produit\/comprimes-generiques-de-cialis-tadalafil\/#primaryimage\"},\"thumbnailUrl\":\"https:\/\/kamagra-stores.net\/wp-content\/uploads\/2024\/09\/Tadalista-5mg-1.png\",\"datePublished\":\"2024-10-04T11:54:51+00:00\",\"dateModified\":\"2024-10-04T11:54:51+00:00\",\"description\":\"Le Cialis g\u00e9n\u00e9rique contenant du Tadalafil offre la meilleure solution pour la DE, favorisant une meilleure endurance, am\u00e9liorant l'intimit\u00e9 et augmentant la confiance. Achetez maintenant !\",\"breadcrumb\":{\"@id\":\"https:\/\/kamagra-stores.net\/fr\/produit\/comprimes-generiques-de-cialis-tadalafil\/#breadcrumb\"},\"inLanguage\":\"fr-FR\",\"potentialAction\":[{\"@type\":\"ReadAction\",\"target\":[\"https:\/\/kamagra-stores.net\/fr\/produit\/comprimes-generiques-de-cialis-tadalafil\/\"]}]},{\"@type\":\"ImageObject\",\"inLanguage\":\"fr-FR\",\"@id\":\"https:\/\/kamagra-stores.net\/fr\/produit\/comprimes-generiques-de-cialis-tadalafil\/#primaryimage\",\"url\":\"https:\/\/kamagra-stores.net\/wp-content\/uploads\/2024\/09\/Tadalista-5mg-1.png\",\"contentUrl\":\"https:\/\/kamagra-stores.net\/wp-content\/uploads\/2024\/09\/Tadalista-5mg-1.png\",\"width\":500,\"height\":500,\"caption\":\"Cialis g\u00e9n\u00e9rique 5 mg\"},{\"@type\":\"BreadcrumbList\",\"@id\":\"https:\/\/kamagra-stores.net\/fr\/produit\/comprimes-generiques-de-cialis-tadalafil\/#breadcrumb\",\"itemListElement\":[{\"@type\":\"ListItem\",\"position\":1,\"name\":\"Home\",\"item\":\"https:\/\/kamagra-stores.net\/fr\/\"},{\"@type\":\"ListItem\",\"position\":2,\"name\":\"Boutique\",\"item\":\"https:\/\/kamagra-stores.net\/fr\/boutique\/\"},{\"@type\":\"ListItem\",\"position\":3,\"name\":\"Comprim\u00e9s g\u00e9n\u00e9riques de cialis (tadalafil)\"}]},{\"@type\":\"WebSite\",\"@id\":\"https:\/\/kamagra-stores.net\/#website\",\"url\":\"https:\/\/kamagra-stores.net\/\",\"name\":\"kamagra-stores.net\",\"description\":\"\",\"potentialAction\":[{\"@type\":\"SearchAction\",\"target\":{\"@type\":\"EntryPoint\",\"urlTemplate\":\"https:\/\/kamagra-stores.net\/?s={search_term_string}\"},\"query-input\":{\"@type\":\"PropertyValueSpecification\",\"valueRequired\":true,\"valueName\":\"search_term_string\"}}],\"inLanguage\":\"fr-FR\"}]}<\/script>\n<!-- \/ Yoast SEO plugin. -->","yoast_head_json":{"title":"Acheter des comprim\u00e9s g\u00e9n\u00e9riques de cialis en ligne | tadalafil","description":"Le Cialis g\u00e9n\u00e9rique contenant du Tadalafil offre la meilleure solution pour la DE, favorisant une meilleure endurance, am\u00e9liorant l'intimit\u00e9 et augmentant la confiance. Achetez maintenant !","robots":{"index":"index","follow":"follow","max-snippet":"max-snippet:-1","max-image-preview":"max-image-preview:large","max-video-preview":"max-video-preview:-1"},"canonical":"https:\/\/kamagra-stores.net\/fr\/produit\/comprimes-generiques-de-cialis-tadalafil\/","og_locale":"fr_FR","og_type":"article","og_title":"Acheter des comprim\u00e9s g\u00e9n\u00e9riques de cialis en ligne | tadalafil","og_description":"Le Cialis g\u00e9n\u00e9rique contenant du Tadalafil offre la meilleure solution pour la DE, favorisant une meilleure endurance, am\u00e9liorant l'intimit\u00e9 et augmentant la confiance. Achetez maintenant !","og_url":"https:\/\/kamagra-stores.net\/fr\/produit\/comprimes-generiques-de-cialis-tadalafil\/","og_site_name":"kamagra-stores.net","og_image":[{"width":500,"height":500,"url":"https:\/\/kamagra-stores.net\/wp-content\/uploads\/2024\/09\/Tadalista-5mg-1.png","type":"image\/png"}],"twitter_card":"summary_large_image","twitter_misc":{"Dur\u00e9e de lecture estim\u00e9e":"5 minutes"},"schema":{"@context":"https:\/\/schema.org","@graph":[{"@type":"WebPage","@id":"https:\/\/kamagra-stores.net\/fr\/produit\/comprimes-generiques-de-cialis-tadalafil\/","url":"https:\/\/kamagra-stores.net\/fr\/produit\/comprimes-generiques-de-cialis-tadalafil\/","name":"Acheter des comprim\u00e9s g\u00e9n\u00e9riques de cialis en ligne | tadalafil","isPartOf":{"@id":"https:\/\/kamagra-stores.net\/#website"},"primaryImageOfPage":{"@id":"https:\/\/kamagra-stores.net\/fr\/produit\/comprimes-generiques-de-cialis-tadalafil\/#primaryimage"},"image":{"@id":"https:\/\/kamagra-stores.net\/fr\/produit\/comprimes-generiques-de-cialis-tadalafil\/#primaryimage"},"thumbnailUrl":"https:\/\/kamagra-stores.net\/wp-content\/uploads\/2024\/09\/Tadalista-5mg-1.png","datePublished":"2024-10-04T11:54:51+00:00","dateModified":"2024-10-04T11:54:51+00:00","description":"Le Cialis g\u00e9n\u00e9rique contenant du Tadalafil offre la meilleure solution pour la DE, favorisant une meilleure endurance, am\u00e9liorant l'intimit\u00e9 et augmentant la confiance. Achetez maintenant !","breadcrumb":{"@id":"https:\/\/kamagra-stores.net\/fr\/produit\/comprimes-generiques-de-cialis-tadalafil\/#breadcrumb"},"inLanguage":"fr-FR","potentialAction":[{"@type":"ReadAction","target":["https:\/\/kamagra-stores.net\/fr\/produit\/comprimes-generiques-de-cialis-tadalafil\/"]}]},{"@type":"ImageObject","inLanguage":"fr-FR","@id":"https:\/\/kamagra-stores.net\/fr\/produit\/comprimes-generiques-de-cialis-tadalafil\/#primaryimage","url":"https:\/\/kamagra-stores.net\/wp-content\/uploads\/2024\/09\/Tadalista-5mg-1.png","contentUrl":"https:\/\/kamagra-stores.net\/wp-content\/uploads\/2024\/09\/Tadalista-5mg-1.png","width":500,"height":500,"caption":"Cialis g\u00e9n\u00e9rique 5 mg"},{"@type":"BreadcrumbList","@id":"https:\/\/kamagra-stores.net\/fr\/produit\/comprimes-generiques-de-cialis-tadalafil\/#breadcrumb","itemListElement":[{"@type":"ListItem","position":1,"name":"Home","item":"https:\/\/kamagra-stores.net\/fr\/"},{"@type":"ListItem","position":2,"name":"Boutique","item":"https:\/\/kamagra-stores.net\/fr\/boutique\/"},{"@type":"ListItem","position":3,"name":"Comprim\u00e9s g\u00e9n\u00e9riques de cialis (tadalafil)"}]},{"@type":"WebSite","@id":"https:\/\/kamagra-stores.net\/#website","url":"https:\/\/kamagra-stores.net\/","name":"kamagra-stores.net","description":"","potentialAction":[{"@type":"SearchAction","target":{"@type":"EntryPoint","urlTemplate":"https:\/\/kamagra-stores.net\/?s={search_term_string}"},"query-input":{"@type":"PropertyValueSpecification","valueRequired":true,"valueName":"search_term_string"}}],"inLanguage":"fr-FR"}]}},"_links":{"self":[{"href":"https:\/\/kamagra-stores.net\/fr\/wp-json\/wp\/v2\/product\/28149","targetHints":{"allow":["GET"]}}],"collection":[{"href":"https:\/\/kamagra-stores.net\/fr\/wp-json\/wp\/v2\/product"}],"about":[{"href":"https:\/\/kamagra-stores.net\/fr\/wp-json\/wp\/v2\/types\/product"}],"replies":[{"embeddable":true,"href":"https:\/\/kamagra-stores.net\/fr\/wp-json\/wp\/v2\/comments?post=28149"}],"version-history":[{"count":0,"href":"https:\/\/kamagra-stores.net\/fr\/wp-json\/wp\/v2\/product\/28149\/revisions"}],"wp:featuredmedia":[{"embeddable":true,"href":"https:\/\/kamagra-stores.net\/fr\/wp-json\/wp\/v2\/media\/27423"}],"wp:attachment":[{"href":"https:\/\/kamagra-stores.net\/fr\/wp-json\/wp\/v2\/media?parent=28149"}],"wp:term":[{"taxonomy":"product_cat","embeddable":true,"href":"https:\/\/kamagra-stores.net\/fr\/wp-json\/wp\/v2\/product_cat?post=28149"},{"taxonomy":"product_tag","embeddable":true,"href":"https:\/\/kamagra-stores.net\/fr\/wp-json\/wp\/v2\/product_tag?post=28149"}],"curies":[{"name":"wp","href":"https:\/\/api.w.org\/{rel}","templated":true}]}}